{"id":566,"date":"2024-07-11T08:09:21","date_gmt":"2024-07-11T08:09:21","guid":{"rendered":"http:\/\/localhost\/csfd\/?page_id=566"},"modified":"2024-11-21T22:02:59","modified_gmt":"2024-11-21T22:02:59","slug":"legislacion","status":"publish","type":"page","link":"https:\/\/www.soportefirmadigital.com\/web\/es\/legislacion\/","title":{"rendered":"Legislaci\u00f3n"},"content":{"rendered":"\t\t<div data-elementor-type=\"wp-page\" data-elementor-id=\"566\" class=\"elementor elementor-566\">\n\t\t\t\t\t\t<section class=\"elementor-section elementor-top-section elementor-element elementor-element-3b417493 elementor-section-full_width elementor-section-height-default elementor-section-height-default elementor-invisible\" data-id=\"3b417493\" data-element_type=\"section\" data-settings=\"{&quot;animation&quot;:&quot;fadeInLeft&quot;}\">\n\t\t\t\t\t\t<div class=\"elementor-container elementor-column-gap-no\">\n\t\t\t\t\t<div class=\"elementor-column elementor-col-33 elementor-top-column elementor-element elementor-element-44eede7d\" data-id=\"44eede7d\" data-element_type=\"column\" data-settings=\"{&quot;background_background&quot;:&quot;classic&quot;}\">\n\t\t\t<div class=\"elementor-widget-wrap elementor-element-populated\">\n\t\t\t\t\t<div class=\"elementor-background-overlay\"><\/div>\n\t\t\t\t\t\t<div class=\"elementor-element elementor-element-40bf5422 elementor-widget elementor-widget-image\" data-id=\"40bf5422\" data-element_type=\"widget\" data-widget_type=\"image.default\">\n\t\t\t\t<div class=\"elementor-widget-container\">\n\t\t\t\t\t\t\t\t\t\t\t\t\t\t<a href=\"https:\/\/soportefirmadigital.com\/sfdj\/dl.aspx?lang=es\">\n\t\t\t\t\t\t\t<img fetchpriority=\"high\" decoding=\"async\" width=\"430\" height=\"275\" src=\"https:\/\/www.soportefirmadigital.com\/web\/wp-content\/uploads\/2024\/07\/over_img_1_sp.png\" class=\"attachment-large size-large wp-image-158\" alt=\"\" srcset=\"https:\/\/www.soportefirmadigital.com\/web\/wp-content\/uploads\/2024\/07\/over_img_1_sp.png 430w, https:\/\/www.soportefirmadigital.com\/web\/wp-content\/uploads\/2024\/07\/over_img_1_sp-300x192.png 300w\" sizes=\"(max-width: 430px) 100vw, 430px\" \/>\t\t\t\t\t\t\t\t<\/a>\n\t\t\t\t\t\t\t\t\t\t\t\t\t<\/div>\n\t\t\t\t<\/div>\n\t\t\t\t<div class=\"elementor-element elementor-element-781069e0 e-transform elementor-widget elementor-widget-heading\" data-id=\"781069e0\" data-element_type=\"widget\" data-settings=\"{&quot;_transform_scale_effect_hover&quot;:{&quot;unit&quot;:&quot;px&quot;,&quot;size&quot;:1.1,&quot;sizes&quot;:[]},&quot;_transform_scale_effect_hover_tablet&quot;:{&quot;unit&quot;:&quot;px&quot;,&quot;size&quot;:&quot;&quot;,&quot;sizes&quot;:[]},&quot;_transform_scale_effect_hover_mobile&quot;:{&quot;unit&quot;:&quot;px&quot;,&quot;size&quot;:&quot;&quot;,&quot;sizes&quot;:[]}}\" data-widget_type=\"heading.default\">\n\t\t\t\t<div class=\"elementor-widget-container\">\n\t\t\t<h5 class=\"elementor-heading-title elementor-size-default\"><a href=\"https:\/\/soportefirmadigital.com\/sfdj\/dl.aspx?lang=es\">Descarga de Instaladores<\/a><\/h5>\t\t<\/div>\n\t\t\t\t<\/div>\n\t\t\t\t\t<\/div>\n\t\t<\/div>\n\t\t\t\t<div class=\"elementor-column elementor-col-33 elementor-top-column elementor-element elementor-element-ac96d7e\" data-id=\"ac96d7e\" data-element_type=\"column\" data-settings=\"{&quot;background_background&quot;:&quot;classic&quot;}\">\n\t\t\t<div class=\"elementor-widget-wrap elementor-element-populated\">\n\t\t\t\t\t<div class=\"elementor-background-overlay\"><\/div>\n\t\t\t\t\t\t<div class=\"elementor-element elementor-element-68bce51c elementor-widget elementor-widget-image\" data-id=\"68bce51c\" data-element_type=\"widget\" data-widget_type=\"image.default\">\n\t\t\t\t<div class=\"elementor-widget-container\">\n\t\t\t\t\t\t\t\t\t\t\t\t\t\t<a href=\"https:\/\/www.firmadigital.go.cr\/verificacion\/Verificacion.aspx\">\n\t\t\t\t\t\t\t<img decoding=\"async\" width=\"426\" height=\"275\" src=\"https:\/\/www.soportefirmadigital.com\/web\/wp-content\/uploads\/2024\/07\/over_img_2_sp.png\" class=\"attachment-large size-large wp-image-159\" alt=\"\" srcset=\"https:\/\/www.soportefirmadigital.com\/web\/wp-content\/uploads\/2024\/07\/over_img_2_sp.png 426w, https:\/\/www.soportefirmadigital.com\/web\/wp-content\/uploads\/2024\/07\/over_img_2_sp-300x194.png 300w\" sizes=\"(max-width: 426px) 100vw, 426px\" \/>\t\t\t\t\t\t\t\t<\/a>\n\t\t\t\t\t\t\t\t\t\t\t\t\t<\/div>\n\t\t\t\t<\/div>\n\t\t\t\t<div class=\"elementor-element elementor-element-50e4b730 e-transform elementor-widget elementor-widget-heading\" data-id=\"50e4b730\" data-element_type=\"widget\" data-settings=\"{&quot;_transform_scale_effect_hover&quot;:{&quot;unit&quot;:&quot;px&quot;,&quot;size&quot;:1.1,&quot;sizes&quot;:[]},&quot;_transform_scale_effect_hover_tablet&quot;:{&quot;unit&quot;:&quot;px&quot;,&quot;size&quot;:&quot;&quot;,&quot;sizes&quot;:[]},&quot;_transform_scale_effect_hover_mobile&quot;:{&quot;unit&quot;:&quot;px&quot;,&quot;size&quot;:&quot;&quot;,&quot;sizes&quot;:[]}}\" data-widget_type=\"heading.default\">\n\t\t\t\t<div class=\"elementor-widget-container\">\n\t\t\t<h5 class=\"elementor-heading-title elementor-size-default\"><a href=\"https:\/\/soportefirmadigital.com\/sfdj\/validate.aspx?lang=es\">Verificaci\u00f3n de capacidad de firma<\/a><\/h5>\t\t<\/div>\n\t\t\t\t<\/div>\n\t\t\t\t\t<\/div>\n\t\t<\/div>\n\t\t\t\t<div class=\"elementor-column elementor-col-33 elementor-top-column elementor-element elementor-element-199650c1\" data-id=\"199650c1\" data-element_type=\"column\" data-settings=\"{&quot;background_background&quot;:&quot;classic&quot;}\">\n\t\t\t<div class=\"elementor-widget-wrap elementor-element-populated\">\n\t\t\t\t\t<div class=\"elementor-background-overlay\"><\/div>\n\t\t\t\t\t\t<div class=\"elementor-element elementor-element-6972cdb3 elementor-widget elementor-widget-image\" data-id=\"6972cdb3\" data-element_type=\"widget\" data-widget_type=\"image.default\">\n\t\t\t\t<div class=\"elementor-widget-container\">\n\t\t\t\t\t\t\t\t\t\t\t\t\t\t<a href=\"http:\/\/soportefirmadigital.com\/web\/guias-y-manuales\/\">\n\t\t\t\t\t\t\t<img decoding=\"async\" width=\"426\" height=\"275\" src=\"https:\/\/www.soportefirmadigital.com\/web\/wp-content\/uploads\/2024\/07\/over_img_2_sp.png\" class=\"attachment-large size-large wp-image-159\" alt=\"\" srcset=\"https:\/\/www.soportefirmadigital.com\/web\/wp-content\/uploads\/2024\/07\/over_img_2_sp.png 426w, https:\/\/www.soportefirmadigital.com\/web\/wp-content\/uploads\/2024\/07\/over_img_2_sp-300x194.png 300w\" sizes=\"(max-width: 426px) 100vw, 426px\" \/>\t\t\t\t\t\t\t\t<\/a>\n\t\t\t\t\t\t\t\t\t\t\t\t\t<\/div>\n\t\t\t\t<\/div>\n\t\t\t\t<div class=\"elementor-element elementor-element-2d01810a e-transform elementor-widget elementor-widget-heading\" data-id=\"2d01810a\" data-element_type=\"widget\" data-settings=\"{&quot;_transform_scale_effect_hover&quot;:{&quot;unit&quot;:&quot;px&quot;,&quot;size&quot;:1.1,&quot;sizes&quot;:[]},&quot;_transform_scale_effect_hover_tablet&quot;:{&quot;unit&quot;:&quot;px&quot;,&quot;size&quot;:&quot;&quot;,&quot;sizes&quot;:[]},&quot;_transform_scale_effect_hover_mobile&quot;:{&quot;unit&quot;:&quot;px&quot;,&quot;size&quot;:&quot;&quot;,&quot;sizes&quot;:[]}}\" data-widget_type=\"heading.default\">\n\t\t\t\t<div class=\"elementor-widget-container\">\n\t\t\t<h5 class=\"elementor-heading-title elementor-size-default\"><a href=\"http:\/\/soportefirmadigital.com\/csfd\/guias-y-manuales\/\">Gu\u00edas y Manuales<\/a><\/h5>\t\t<\/div>\n\t\t\t\t<\/div>\n\t\t\t\t\t<\/div>\n\t\t<\/div>\n\t\t\t\t\t<\/div>\n\t\t<\/section>\n\t\t<div class=\"elementor-element elementor-element-cc40b12 e-flex e-con-boxed e-con e-parent\" data-id=\"cc40b12\" data-element_type=\"container\">\n\t\t\t\t\t<div class=\"e-con-inner\">\n\t\t<div class=\"elementor-element elementor-element-fae452f e-con-full e-flex e-con e-child\" data-id=\"fae452f\" data-element_type=\"container\">\n\t\t\t\t<div class=\"elementor-element elementor-element-d86733c elementor-widget elementor-widget-heading\" data-id=\"d86733c\" data-element_type=\"widget\" data-widget_type=\"heading.default\">\n\t\t\t\t<div class=\"elementor-widget-container\">\n\t\t\t<h2 class=\"elementor-heading-title elementor-size-default\">LEGISLACI\u00d3N<\/h2>\t\t<\/div>\n\t\t\t\t<\/div>\n\t\t\t\t<div class=\"elementor-element elementor-element-a6c4405 animated-slow elementor-invisible elementor-widget elementor-widget-image\" data-id=\"a6c4405\" data-element_type=\"widget\" data-settings=\"{&quot;_animation&quot;:&quot;fadeIn&quot;}\" data-widget_type=\"image.default\">\n\t\t\t\t<div class=\"elementor-widget-container\">\n\t\t\t\t\t\t\t\t\t\t\t\t\t<img decoding=\"async\" width=\"1130\" height=\"11\" src=\"https:\/\/www.soportefirmadigital.com\/web\/wp-content\/uploads\/2024\/07\/pico-titulo-bienv.png\" class=\"attachment-full size-full wp-image-1063\" alt=\"\" srcset=\"https:\/\/www.soportefirmadigital.com\/web\/wp-content\/uploads\/2024\/07\/pico-titulo-bienv.png 1130w, https:\/\/www.soportefirmadigital.com\/web\/wp-content\/uploads\/2024\/07\/pico-titulo-bienv-300x3.png 300w, https:\/\/www.soportefirmadigital.com\/web\/wp-content\/uploads\/2024\/07\/pico-titulo-bienv-1024x10.png 1024w, https:\/\/www.soportefirmadigital.com\/web\/wp-content\/uploads\/2024\/07\/pico-titulo-bienv-768x7.png 768w\" sizes=\"(max-width: 1130px) 100vw, 1130px\" \/>\t\t\t\t\t\t\t\t\t\t\t\t\t<\/div>\n\t\t\t\t<\/div>\n\t\t\t\t<div class=\"elementor-element elementor-element-c3b7063 elementor-widget elementor-widget-text-editor\" data-id=\"c3b7063\" data-element_type=\"widget\" data-widget_type=\"text-editor.default\">\n\t\t\t\t<div class=\"elementor-widget-container\">\n\t\t\t\t\t\t\t<p>En esta secci\u00f3n se encuentra informaci\u00f3n de importancia sobre La Firma Digital en Costa Rica. Las leyes, est\u00e1ndares y documentos de importancia pueden ser descargados para su lectura.<\/p><p><strong>De clic en el nombre del documento que desea ver:<\/strong><\/p>\t\t\t\t\t\t<\/div>\n\t\t\t\t<\/div>\n\t\t\t\t<\/div>\n\t\t\t\t\t<\/div>\n\t\t\t\t<\/div>\n\t\t<div class=\"elementor-element elementor-element-37ce17c e-flex e-con-boxed e-con e-parent\" data-id=\"37ce17c\" data-element_type=\"container\">\n\t\t\t\t\t<div class=\"e-con-inner\">\n\t\t\t\t<div class=\"elementor-element elementor-element-e680480 elementor-widget elementor-widget-elementskit-tablepress\" data-id=\"e680480\" data-element_type=\"widget\" data-widget_type=\"elementskit-tablepress.default\">\n\t\t\t\t<div class=\"elementor-widget-container\">\n\t\t\t<div class=\"elemenetskit-tablepress ekit-wid-con\" id=\"ekit_tablepress_e680480\">\n<table id=\"tablepress-16\" class=\"tablepress tablepress-id-16\">\n<thead>\n<tr class=\"row-1 odd\">\n\t<th class=\"column-1\">Ley 8454<\/th>\n<\/tr>\n<\/thead>\n<tbody class=\"row-hover\">\n<tr class=\"row-2 even\">\n\t<td class=\"column-1\"><img loading=\"lazy\" decoding=\"async\" src=\"http:\/\/soportefirmadigital.com\/web\/wp-content\/uploads\/2024\/07\/li-style.png\" alt=\"\" width=\"8\" height=\"8\" class=\"alignnone size-full wp-image-751\" \/> <a href=\"https:\/\/www.firmadigital.go.cr\/Documentos\/ley%208454.pdf\" rel=\"noopener\" target=\"_blank\">Ley 8454, Ley de certificados, firmas digitales y documentos electr\u00f3nicos<\/a><br \/>\n<\/td>\n<\/tr>\n<\/tbody>\n<\/table>\n<\/div>\t\t<\/div>\n\t\t\t\t<\/div>\n\t\t\t\t<div class=\"elementor-element elementor-element-9079428 elementor-widget elementor-widget-elementskit-tablepress\" data-id=\"9079428\" data-element_type=\"widget\" data-widget_type=\"elementskit-tablepress.default\">\n\t\t\t\t<div class=\"elementor-widget-container\">\n\t\t\t<div class=\"elemenetskit-tablepress ekit-wid-con\" id=\"ekit_tablepress_9079428\">\n<table id=\"tablepress-17\" class=\"tablepress tablepress-id-17\">\n<thead>\n<tr class=\"row-1 odd\">\n\t<th class=\"column-1\">Documentos Oficiales<\/th>\n<\/tr>\n<\/thead>\n<tbody class=\"row-hover\">\n<tr class=\"row-2 even\">\n\t<td class=\"column-1\"><img loading=\"lazy\" decoding=\"async\" src=\"http:\/\/soportefirmadigital.com\/web\/wp-content\/uploads\/2024\/07\/li-style.png\" alt=\"\" width=\"8\" height=\"8\" class=\"alignnone size-full wp-image-751\" \/> <a href=\"https:\/\/www.bccr.fi.cr\/firma-digital\/DocFirmaDigital\/Acuerdo-suscriptor-persona-fisica.pdf\" rel=\"noopener\" target=\"_blank\">Acuerdo de Suscriptor<\/a><\/td>\n<\/tr>\n<tr class=\"row-3 odd\">\n\t<td class=\"column-1\"><img loading=\"lazy\" decoding=\"async\" src=\"http:\/\/soportefirmadigital.com\/web\/wp-content\/uploads\/2024\/07\/li-style.png\" alt=\"\" width=\"8\" height=\"8\" class=\"alignnone size-full wp-image-751\" \/> <a href=\"https:\/\/www.bccr.fi.cr\/marco-legal\/DocReglamento\/Reglamento_Sistema_Pagos.pdf\" rel=\"noopener\" target=\"_blank\">Reglamento de Sistema de Pago<\/a><br \/>\n<\/td>\n<\/tr>\n<tr class=\"row-4 even\">\n\t<td class=\"column-1\"><img loading=\"lazy\" decoding=\"async\" src=\"http:\/\/soportefirmadigital.com\/web\/wp-content\/uploads\/2024\/07\/li-style.png\" alt=\"\" width=\"8\" height=\"8\" class=\"alignnone size-full wp-image-751\" \/> <a href=\"https:\/\/www.soportefirmadigital.com\/dd\/Directriz%20MICITT-DGDCFD-OF-077-2023.pdf\" rel=\"noopener\" target=\"_blank\">Directriz MICITT-DGDCFD-OF-077-2023<\/a><\/td>\n<\/tr>\n<\/tbody>\n<\/table>\n<\/div>\t\t<\/div>\n\t\t\t\t<\/div>\n\t\t\t\t<div class=\"elementor-element elementor-element-80010be elementor-widget elementor-widget-text-editor\" data-id=\"80010be\" data-element_type=\"widget\" data-widget_type=\"text-editor.default\">\n\t\t\t\t<div class=\"elementor-widget-container\">\n\t\t\t\t\t\t\t<div id=\"component\" class=\"span12\"><div id=\"k2Container\" class=\"itemView\"><div class=\"itemBody\"><div class=\"itemFullText\"><div class=\"itemContentFooter\" style=\"text-align: right;\"><span class=\"itemDateModified\">\u00daltima actualizaci\u00f3n: Junio 2020 <\/span><\/div><\/div><\/div><\/div><\/div>\t\t\t\t\t\t<\/div>\n\t\t\t\t<\/div>\n\t\t\t\t\t<\/div>\n\t\t\t\t<\/div>\n\t\t\t\t<\/div>\n\t\t","protected":false},"excerpt":{"rendered":"<p>Descarga de Instaladores Verificaci\u00f3n de capacidad de firma Gu\u00edas y Manuales LEGISLACI\u00d3N En esta secci\u00f3n se encuentra informaci\u00f3n de importancia sobre La Firma Digital en Costa Rica. Las leyes, est\u00e1ndares y documentos de importancia pueden ser descargados para su lectura. De clic en el nombre del documento que desea ver: Editar Ley 8454 Ley 8454, [&hellip;]<\/p>\n","protected":false},"author":3,"featured_media":0,"parent":0,"menu_order":0,"comment_status":"closed","ping_status":"closed","template":"","meta":{"postBodyMargin":[],"postBodyPadding":[],"postBodyBackground":{"backgroundType":"classic","gradient":""},"footnotes":""},"class_list":["post-566","page","type-page","status-publish","hentry"],"_links":{"self":[{"href":"https:\/\/www.soportefirmadigital.com\/web\/wp-json\/wp\/v2\/pages\/566","targetHints":{"allow":["GET"]}}],"collection":[{"href":"https:\/\/www.soportefirmadigital.com\/web\/wp-json\/wp\/v2\/pages"}],"about":[{"href":"https:\/\/www.soportefirmadigital.com\/web\/wp-json\/wp\/v2\/types\/page"}],"author":[{"embeddable":true,"href":"https:\/\/www.soportefirmadigital.com\/web\/wp-json\/wp\/v2\/users\/3"}],"replies":[{"embeddable":true,"href":"https:\/\/www.soportefirmadigital.com\/web\/wp-json\/wp\/v2\/comments?post=566"}],"version-history":[{"count":62,"href":"https:\/\/www.soportefirmadigital.com\/web\/wp-json\/wp\/v2\/pages\/566\/revisions"}],"predecessor-version":[{"id":6977,"href":"https:\/\/www.soportefirmadigital.com\/web\/wp-json\/wp\/v2\/pages\/566\/revisions\/6977"}],"wp:attachment":[{"href":"https:\/\/www.soportefirmadigital.com\/web\/wp-json\/wp\/v2\/media?parent=566"}],"curies":[{"name":"wp","href":"https:\/\/api.w.org\/{rel}","templated":true}]}}